{"id":891,"date":"2023-06-10T14:56:51","date_gmt":"2023-06-10T17:56:51","guid":{"rendered":"https:\/\/itbg.com.ar\/?page_id=891"},"modified":"2023-06-10T15:02:45","modified_gmt":"2023-06-10T18:02:45","slug":"voip","status":"publish","type":"page","link":"https:\/\/itbg.com.ar\/?page_id=891","title":{"rendered":"voip"},"content":{"rendered":"\t\t<div data-elementor-type=\"wp-page\" data-elementor-id=\"891\" class=\"elementor elementor-891\">\n\t\t\t\t\t\t\t\t\t<section class=\"elementor-section elementor-top-section elementor-element elementor-element-6eae820 elementor-section-boxed elementor-section-height-default elementor-section-height-default\" data-id=\"6eae820\" data-element_type=\"section\">\n\t\t\t\t\t\t<div class=\"elementor-container elementor-column-gap-default\">\n\t\t\t\t\t<div class=\"elementor-column elementor-col-100 elementor-top-column elementor-element elementor-element-5c8b1c1\" data-id=\"5c8b1c1\" data-element_type=\"column\">\n\t\t\t<div class=\"elementor-widget-wrap elementor-element-populated\">\n\t\t\t\t\t\t\t\t<section class=\"elementor-section elementor-inner-section elementor-element elementor-element-b8d3759 elementor-section-boxed elementor-section-height-default elementor-section-height-default\" data-id=\"b8d3759\" data-element_type=\"section\">\n\t\t\t\t\t\t<div class=\"elementor-container elementor-column-gap-default\">\n\t\t\t\t\t<div class=\"elementor-column elementor-col-50 elementor-inner-column elementor-element elementor-element-9f23f09\" data-id=\"9f23f09\" data-element_type=\"column\">\n\t\t\t<div class=\"elementor-widget-wrap elementor-element-populated\">\n\t\t\t\t\t\t\t\t<div class=\"elementor-element elementor-element-4123f61 elementor-widget elementor-widget-image\" data-id=\"4123f61\" data-element_type=\"widget\" data-widget_type=\"image.default\">\n\t\t\t\t<div class=\"elementor-widget-container\">\n\t\t\t<style>\/*! elementor - v3.13.2 - 11-05-2023 *\/\n.elementor-widget-image{text-align:center}.elementor-widget-image a{display:inline-block}.elementor-widget-image a img[src$=\".svg\"]{width:48px}.elementor-widget-image img{vertical-align:middle;display:inline-block}<\/style>\t\t\t\t\t\t\t\t\t\t\t\t<img decoding=\"async\" width=\"1024\" height=\"1024\" src=\"https:\/\/itbg.com.ar\/wp-content\/uploads\/2023\/05\/OIG-1.jpeg\" class=\"attachment-large size-large wp-image-893\" alt=\"\" loading=\"lazy\" srcset=\"https:\/\/itbg.com.ar\/wp-content\/uploads\/2023\/05\/OIG-1.jpeg 1024w, https:\/\/itbg.com.ar\/wp-content\/uploads\/2023\/05\/OIG-1-300x300.jpeg 300w, https:\/\/itbg.com.ar\/wp-content\/uploads\/2023\/05\/OIG-1-150x150.jpeg 150w, https:\/\/itbg.com.ar\/wp-content\/uploads\/2023\/05\/OIG-1-768x768.jpeg 768w\" sizes=\"(max-width: 1024px) 100vw, 1024px\" \/>\t\t\t\t\t\t\t\t\t\t\t\t\t\t\t<\/div>\n\t\t\t\t<\/div>\n\t\t\t\t\t<\/div>\n\t\t<\/div>\n\t\t\t\t<div class=\"elementor-column elementor-col-50 elementor-inner-column elementor-element elementor-element-0cf38f4\" data-id=\"0cf38f4\" data-element_type=\"column\">\n\t\t\t<div class=\"elementor-widget-wrap elementor-element-populated\">\n\t\t\t\t\t\t\t\t<div class=\"elementor-element elementor-element-39e601a elementor-widget elementor-widget-text-editor\" data-id=\"39e601a\" data-element_type=\"widget\" data-widget_type=\"text-editor.default\">\n\t\t\t\t<div class=\"elementor-widget-container\">\n\t\t\t<style>\/*! elementor - v3.13.2 - 11-05-2023 *\/\n.elementor-widget-text-editor.elementor-drop-cap-view-stacked .elementor-drop-cap{background-color:#69727d;color:#fff}.elementor-widget-text-editor.elementor-drop-cap-view-framed .elementor-drop-cap{color:#69727d;border:3px solid;background-color:transparent}.elementor-widget-text-editor:not(.elementor-drop-cap-view-default) .elementor-drop-cap{margin-top:8px}.elementor-widget-text-editor:not(.elementor-drop-cap-view-default) .elementor-drop-cap-letter{width:1em;height:1em}.elementor-widget-text-editor .elementor-drop-cap{float:left;text-align:center;line-height:1;font-size:50px}.elementor-widget-text-editor .elementor-drop-cap-letter{display:inline-block}<\/style>\t\t\t\t<p><span style=\"color: #374151; font-family: S\u00f6hne, ui-sans-serif, system-ui, -apple-system, 'Segoe UI', Roboto, Ubuntu, Cantarell, 'Noto Sans', sans-serif, 'Helvetica Neue', Arial, 'Apple Color Emoji', 'Segoe UI Emoji', 'Segoe UI Symbol', 'Noto Color Emoji'; font-size: 16px; white-space: pre-wrap; background-color: #f7f7f8;\">VoIP y telefon\u00eda IP son tecnolog\u00edas esenciales en la era digital por su eficiencia y ahorro de costos. Permiten llamadas a trav\u00e9s de internet, eliminando los gastos de las llamadas tradicionales. Adem\u00e1s, ofrecen funciones avanzadas como llamadas en conferencia, grabaci\u00f3n de llamadas, y transmisi\u00f3n de video. Al ser digitales, son f\u00e1ciles de integrar con otras tecnolog\u00edas y sistemas empresariales, facilitando la colaboraci\u00f3n y la productividad.<\/span><\/p>\t\t\t\t\t\t<\/div>\n\t\t\t\t<\/div>\n\t\t\t\t\t<\/div>\n\t\t<\/div>\n\t\t\t\t\t\t\t<\/div>\n\t\t<\/section>\n\t\t\t\t\t<\/div>\n\t\t<\/div>\n\t\t\t\t\t\t\t<\/div>\n\t\t<\/section>\n\t\t\t\t<section class=\"elementor-section elementor-top-section elementor-element elementor-element-44fdd5e elementor-section-boxed elementor-section-height-default elementor-section-height-default\" data-id=\"44fdd5e\" data-element_type=\"section\">\n\t\t\t\t\t\t<div class=\"elementor-container elementor-column-gap-default\">\n\t\t\t\t\t<div class=\"elementor-column elementor-col-100 elementor-top-column elementor-element elementor-element-bde24f8\" data-id=\"bde24f8\" data-element_type=\"column\">\n\t\t\t<div class=\"elementor-widget-wrap elementor-element-populated\">\n\t\t\t\t\t\t\t\t<section class=\"elementor-section elementor-inner-section elementor-element elementor-element-c09a29b elementor-section-boxed elementor-section-height-default elementor-section-height-default\" data-id=\"c09a29b\" data-element_type=\"section\">\n\t\t\t\t\t\t<div class=\"elementor-container elementor-column-gap-default\">\n\t\t\t\t\t<div class=\"elementor-column elementor-col-50 elementor-inner-column elementor-element elementor-element-1ca3680\" data-id=\"1ca3680\" data-element_type=\"column\">\n\t\t\t<div class=\"elementor-widget-wrap elementor-element-populated\">\n\t\t\t\t\t\t\t\t<div class=\"elementor-element elementor-element-f9b9685 elementor-widget elementor-widget-text-editor\" data-id=\"f9b9685\" data-element_type=\"widget\" data-widget_type=\"text-editor.default\">\n\t\t\t\t<div class=\"elementor-widget-container\">\n\t\t\t\t\t\t\t<p style=\"border-style: solid; border-color: #d9d9e3; --tw-border-spacing-x: 0; --tw-border-spacing-y: 0; --tw-translate-x: 0; --tw-translate-y: 0; --tw-rotate: 0; --tw-skew-x: 0; --tw-skew-y: 0; --tw-scale-x: 1; --tw-scale-y: 1; --tw-scroll-snap-strictness: proximity; --tw-ring-offset-width: 0px; --tw-ring-offset-color: #fff; --tw-ring-color: rgba(69,89,164,.5); --tw-ring-offset-shadow: 0 0 transparent; --tw-ring-shadow: 0 0 transparent; --tw-shadow: 0 0 transparent; --tw-shadow-colored: 0 0 transparent; margin-bottom: 1.25em; color: #374151; font-family: S\u00f6hne, ui-sans-serif, system-ui, -apple-system, 'Segoe UI', Roboto, Ubuntu, Cantarell, 'Noto Sans', sans-serif, 'Helvetica Neue', Arial, 'Apple Color Emoji', 'Segoe UI Emoji', 'Segoe UI Symbol', 'Noto Color Emoji'; font-size: 16px; font-style: normal; font-weight: 400; white-space: pre-wrap; background-color: #f7f7f8;\">Pueden ayudar a las empresas de varias maneras. Primero, reducen significativamente los costos de las llamadas telef\u00f3nicas al utilizar internet en lugar de las l\u00edneas telef\u00f3nicas tradicionales. Adem\u00e1s, permiten a las empresas operar con flexibilidad, ya que los empleados pueden hacer y recibir llamadas desde cualquier lugar con una conexi\u00f3n a internet.<\/p><p style=\"border-style: solid; border-color: #d9d9e3; --tw-border-spacing-x: 0; --tw-border-spacing-y: 0; --tw-translate-x: 0; --tw-translate-y: 0; --tw-rotate: 0; --tw-skew-x: 0; --tw-skew-y: 0; --tw-scale-x: 1; --tw-scale-y: 1; --tw-scroll-snap-strictness: proximity; --tw-ring-offset-width: 0px; --tw-ring-offset-color: #fff; --tw-ring-color: rgba(69,89,164,.5); --tw-ring-offset-shadow: 0 0 transparent; --tw-ring-shadow: 0 0 transparent; --tw-shadow: 0 0 transparent; --tw-shadow-colored: 0 0 transparent; margin-top: 1.25em; margin-bottom: 1.25em; color: #374151; font-family: S\u00f6hne, ui-sans-serif, system-ui, -apple-system, 'Segoe UI', Roboto, Ubuntu, Cantarell, 'Noto Sans', sans-serif, 'Helvetica Neue', Arial, 'Apple Color Emoji', 'Segoe UI Emoji', 'Segoe UI Symbol', 'Noto Color Emoji'; font-size: 16px; font-style: normal; font-weight: 400; white-space: pre-wrap; background-color: #f7f7f8;\">Las funciones avanzadas que ofrecen, como conferencias telef\u00f3nicas, grabaci\u00f3n de llamadas, transmisi\u00f3n de video y mensajer\u00eda instant\u00e1nea, mejoran la colaboraci\u00f3n y la comunicaci\u00f3n dentro de la empresa. Tambi\u00e9n facilitan la atenci\u00f3n al cliente, ya que las llamadas pueden ser dirigidas de manera eficiente y las consultas pueden ser atendidas m\u00e1s r\u00e1pidamente.<\/p><p style=\"border-style: solid; border-color: #d9d9e3; --tw-border-spacing-x: 0; --tw-border-spacing-y: 0; --tw-translate-x: 0; --tw-translate-y: 0; --tw-rotate: 0; --tw-skew-x: 0; --tw-skew-y: 0; --tw-scale-x: 1; --tw-scale-y: 1; --tw-scroll-snap-strictness: proximity; --tw-ring-offset-width: 0px; --tw-ring-offset-color: #fff; --tw-ring-color: rgba(69,89,164,.5); --tw-ring-offset-shadow: 0 0 transparent; --tw-ring-shadow: 0 0 transparent; --tw-shadow: 0 0 transparent; --tw-shadow-colored: 0 0 transparent; margin-top: 1.25em; margin-bottom: 0px; color: #374151; font-family: S\u00f6hne, ui-sans-serif, system-ui, -apple-system, 'Segoe UI', Roboto, Ubuntu, Cantarell, 'Noto Sans', sans-serif, 'Helvetica Neue', Arial, 'Apple Color Emoji', 'Segoe UI Emoji', 'Segoe UI Symbol', 'Noto Color Emoji'; font-size: 16px; font-style: normal; font-weight: 400; white-space: pre-wrap; background-color: #f7f7f8;\">Adem\u00e1s, al ser sistemas digitales, se pueden integrar f\u00e1cilmente con otros sistemas empresariales, como CRM o sistemas de gesti\u00f3n de proyectos, permitiendo un flujo de trabajo m\u00e1s integrado y aumentando la productividad. En resumen, la VoIP y la telefon\u00eda IP son herramientas valiosas que pueden mejorar la eficiencia y el rendimiento de las empresas en la era digital.<\/p>\t\t\t\t\t\t<\/div>\n\t\t\t\t<\/div>\n\t\t\t\t\t<\/div>\n\t\t<\/div>\n\t\t\t\t<div class=\"elementor-column elementor-col-50 elementor-inner-column elementor-element elementor-element-c789982\" data-id=\"c789982\" data-element_type=\"column\">\n\t\t\t<div class=\"elementor-widget-wrap elementor-element-populated\">\n\t\t\t\t\t\t\t\t<div class=\"elementor-element elementor-element-6dbc874 elementor-widget elementor-widget-image\" data-id=\"6dbc874\" data-element_type=\"widget\" data-widget_type=\"image.default\">\n\t\t\t\t<div class=\"elementor-widget-container\">\n\t\t\t\t\t\t\t\t\t\t\t\t\t\t\t<img decoding=\"async\" width=\"1024\" height=\"1024\" src=\"https:\/\/itbg.com.ar\/wp-content\/uploads\/2023\/06\/voip.jpeg\" class=\"attachment-large size-large wp-image-1036\" alt=\"\" loading=\"lazy\" srcset=\"https:\/\/itbg.com.ar\/wp-content\/uploads\/2023\/06\/voip.jpeg 1024w, https:\/\/itbg.com.ar\/wp-content\/uploads\/2023\/06\/voip-300x300.jpeg 300w, https:\/\/itbg.com.ar\/wp-content\/uploads\/2023\/06\/voip-150x150.jpeg 150w, https:\/\/itbg.com.ar\/wp-content\/uploads\/2023\/06\/voip-768x768.jpeg 768w\" sizes=\"(max-width: 1024px) 100vw, 1024px\" \/>\t\t\t\t\t\t\t\t\t\t\t\t\t\t\t<\/div>\n\t\t\t\t<\/div>\n\t\t\t\t\t<\/div>\n\t\t<\/div>\n\t\t\t\t\t\t\t<\/div>\n\t\t<\/section>\n\t\t\t\t\t<\/div>\n\t\t<\/div>\n\t\t\t\t\t\t\t<\/div>\n\t\t<\/section>\n\t\t\t\t\t\t\t<\/div>\n\t\t","protected":false},"excerpt":{"rendered":"<p>VoIP y telefon\u00eda IP son tecnolog\u00edas esenciales en la era digital por su eficiencia y ahorro de costos. Permiten llamadas a trav\u00e9s de internet, eliminando los gastos de las llamadas tradicionales. Adem\u00e1s, ofrecen funciones avanzadas como llamadas en conferencia, grabaci\u00f3n de llamadas, y transmisi\u00f3n de video. Al ser digitales, son f\u00e1ciles de integrar con otras &hellip;<\/p>\n<p class=\"read-more\"> <a class=\"\" href=\"https:\/\/itbg.com.ar\/?page_id=891\"> <span class=\"screen-reader-text\">voip<\/span> Read More &raquo;<\/a><\/p>\n","protected":false},"author":1,"featured_media":0,"parent":0,"menu_order":0,"comment_status":"closed","ping_status":"closed","template":"","meta":{"_mi_skip_tracking":false,"site-sidebar-layout":"no-sidebar","site-content-layout":"page-builder","ast-global-header-display":"","ast-banner-title-visibility":"","ast-main-header-display":"","ast-hfb-above-header-display":"","ast-hfb-below-header-display":"","ast-hfb-mobile-header-display":"","site-post-title":"disabled","ast-breadcrumbs-content":"","ast-featured-img":"disabled","footer-sml-layout":"","theme-transparent-header-meta":"","adv-header-id-meta":"","stick-header-meta":"","header-above-stick-meta":"","header-main-stick-meta":"","header-below-stick-meta":""},"aioseo_notices":[],"_links":{"self":[{"href":"https:\/\/itbg.com.ar\/index.php?rest_route=\/wp\/v2\/pages\/891"}],"collection":[{"href":"https:\/\/itbg.com.ar\/index.php?rest_route=\/wp\/v2\/pages"}],"about":[{"href":"https:\/\/itbg.com.ar\/index.php?rest_route=\/wp\/v2\/types\/page"}],"author":[{"embeddable":true,"href":"https:\/\/itbg.com.ar\/index.php?rest_route=\/wp\/v2\/users\/1"}],"replies":[{"embeddable":true,"href":"https:\/\/itbg.com.ar\/index.php?rest_route=%2Fwp%2Fv2%2Fcomments&post=891"}],"version-history":[{"count":4,"href":"https:\/\/itbg.com.ar\/index.php?rest_route=\/wp\/v2\/pages\/891\/revisions"}],"predecessor-version":[{"id":1039,"href":"https:\/\/itbg.com.ar\/index.php?rest_route=\/wp\/v2\/pages\/891\/revisions\/1039"}],"wp:attachment":[{"href":"https:\/\/itbg.com.ar\/index.php?rest_route=%2Fwp%2Fv2%2Fmedia&parent=891"}],"curies":[{"name":"wp","href":"https:\/\/api.w.org\/{rel}","templated":true}]}}