{"id":22,"date":"2023-05-17T16:36:24","date_gmt":"2023-05-17T19:36:24","guid":{"rendered":"https:\/\/itbg.com.ar\/?page_id=22"},"modified":"2023-05-19T14:20:10","modified_gmt":"2023-05-19T17:20:10","slug":"ia","status":"publish","type":"page","link":"https:\/\/itbg.com.ar\/?page_id=22","title":{"rendered":"IA"},"content":{"rendered":"\t\t<div data-elementor-type=\"wp-page\" data-elementor-id=\"22\" class=\"elementor elementor-22\">\n\t\t\t\t\t\t\t\t\t<section class=\"elementor-section elementor-top-section elementor-element elementor-element-babef21 elementor-section-boxed elementor-section-height-default elementor-section-height-default\" data-id=\"babef21\" data-element_type=\"section\">\n\t\t\t\t\t\t<div class=\"elementor-container elementor-column-gap-default\">\n\t\t\t\t\t<div class=\"elementor-column elementor-col-100 elementor-top-column elementor-element elementor-element-5333fe0\" data-id=\"5333fe0\" data-element_type=\"column\">\n\t\t\t<div class=\"elementor-widget-wrap elementor-element-populated\">\n\t\t\t\t\t\t\t\t<div class=\"elementor-element elementor-element-e9ddac9 elementor-widget elementor-widget-heading\" data-id=\"e9ddac9\" data-element_type=\"widget\" data-widget_type=\"heading.default\">\n\t\t\t\t<div class=\"elementor-widget-container\">\n\t\t\t<style>\/*! elementor - v3.13.2 - 11-05-2023 *\/\n.elementor-heading-title{padding:0;margin:0;line-height:1}.elementor-widget-heading .elementor-heading-title[class*=elementor-size-]>a{color:inherit;font-size:inherit;line-height:inherit}.elementor-widget-heading .elementor-heading-title.elementor-size-small{font-size:15px}.elementor-widget-heading .elementor-heading-title.elementor-size-medium{font-size:19px}.elementor-widget-heading .elementor-heading-title.elementor-size-large{font-size:29px}.elementor-widget-heading .elementor-heading-title.elementor-size-xl{font-size:39px}.elementor-widget-heading .elementor-heading-title.elementor-size-xxl{font-size:59px}<\/style><h2 class=\"elementor-heading-title elementor-size-default\">Atenci\u00f3n al cliente habilitada por chatbots<\/h2>\t\t<\/div>\n\t\t\t\t<\/div>\n\t\t\t\t\t<\/div>\n\t\t<\/div>\n\t\t\t\t\t\t\t<\/div>\n\t\t<\/section>\n\t\t\t\t<section class=\"elementor-section elementor-top-section elementor-element elementor-element-990ebaa elementor-section-boxed elementor-section-height-default elementor-section-height-default\" data-id=\"990ebaa\" data-element_type=\"section\">\n\t\t\t\t\t\t<div class=\"elementor-container elementor-column-gap-default\">\n\t\t\t\t\t<div class=\"elementor-column elementor-col-50 elementor-top-column elementor-element elementor-element-669329d\" data-id=\"669329d\" data-element_type=\"column\">\n\t\t\t<div class=\"elementor-widget-wrap elementor-element-populated\">\n\t\t\t\t\t\t\t\t<div class=\"elementor-element elementor-element-03b46ab elementor-widget elementor-widget-text-editor\" data-id=\"03b46ab\" data-element_type=\"widget\" data-widget_type=\"text-editor.default\">\n\t\t\t\t<div class=\"elementor-widget-container\">\n\t\t\t<style>\/*! elementor - v3.13.2 - 11-05-2023 *\/\n.elementor-widget-text-editor.elementor-drop-cap-view-stacked .elementor-drop-cap{background-color:#69727d;color:#fff}.elementor-widget-text-editor.elementor-drop-cap-view-framed .elementor-drop-cap{color:#69727d;border:3px solid;background-color:transparent}.elementor-widget-text-editor:not(.elementor-drop-cap-view-default) .elementor-drop-cap{margin-top:8px}.elementor-widget-text-editor:not(.elementor-drop-cap-view-default) .elementor-drop-cap-letter{width:1em;height:1em}.elementor-widget-text-editor .elementor-drop-cap{float:left;text-align:center;line-height:1;font-size:50px}.elementor-widget-text-editor .elementor-drop-cap-letter{display:inline-block}<\/style>\t\t\t\t<h4>\u00a0<\/h4><p>Los chatbots con tecnolog\u00eda de inteligencia artificial tambi\u00e9n pueden brindar soporte en tiempo real a los usuarios o clientes, respondiendo preguntas y resolviendo problemas m\u00e1s r\u00e1pido que el personal de soporte humano.\u00a0Esto mejora el tiempo de servicio, aumenta la satisfacci\u00f3n del usuario y libera al personal para que se concentre en un trabajo m\u00e1s atractivo y de mayor valor.<\/p>\t\t\t\t\t\t<\/div>\n\t\t\t\t<\/div>\n\t\t\t\t\t<\/div>\n\t\t<\/div>\n\t\t\t\t<div class=\"elementor-column elementor-col-50 elementor-top-column elementor-element elementor-element-ab02316\" data-id=\"ab02316\" data-element_type=\"column\">\n\t\t\t<div class=\"elementor-widget-wrap elementor-element-populated\">\n\t\t\t\t\t\t\t\t<div class=\"elementor-element elementor-element-dce68c4 elementor-widget elementor-widget-image\" data-id=\"dce68c4\" data-element_type=\"widget\" data-widget_type=\"image.default\">\n\t\t\t\t<div class=\"elementor-widget-container\">\n\t\t\t<style>\/*! elementor - v3.13.2 - 11-05-2023 *\/\n.elementor-widget-image{text-align:center}.elementor-widget-image a{display:inline-block}.elementor-widget-image a img[src$=\".svg\"]{width:48px}.elementor-widget-image img{vertical-align:middle;display:inline-block}<\/style>\t\t\t\t\t\t\t\t\t\t\t\t<img decoding=\"async\" width=\"405\" height=\"405\" src=\"https:\/\/itbg.com.ar\/wp-content\/uploads\/2023\/05\/OIG.jpeg\" class=\"attachment-large size-large wp-image-886\" alt=\"\" loading=\"lazy\" srcset=\"https:\/\/itbg.com.ar\/wp-content\/uploads\/2023\/05\/OIG.jpeg 405w, https:\/\/itbg.com.ar\/wp-content\/uploads\/2023\/05\/OIG-300x300.jpeg 300w, https:\/\/itbg.com.ar\/wp-content\/uploads\/2023\/05\/OIG-150x150.jpeg 150w\" sizes=\"(max-width: 405px) 100vw, 405px\" \/>\t\t\t\t\t\t\t\t\t\t\t\t\t\t\t<\/div>\n\t\t\t\t<\/div>\n\t\t\t\t\t<\/div>\n\t\t<\/div>\n\t\t\t\t\t\t\t<\/div>\n\t\t<\/section>\n\t\t\t\t<section class=\"elementor-section elementor-top-section elementor-element elementor-element-0e8a703 elementor-section-boxed elementor-section-height-default elementor-section-height-default\" data-id=\"0e8a703\" data-element_type=\"section\">\n\t\t\t\t\t\t<div class=\"elementor-container elementor-column-gap-default\">\n\t\t\t\t\t<div class=\"elementor-column elementor-col-100 elementor-top-column elementor-element elementor-element-d50062d\" data-id=\"d50062d\" data-element_type=\"column\">\n\t\t\t<div class=\"elementor-widget-wrap elementor-element-populated\">\n\t\t\t\t\t\t\t\t<div class=\"elementor-element elementor-element-5bc12d5 elementor-widget elementor-widget-heading\" data-id=\"5bc12d5\" data-element_type=\"widget\" data-widget_type=\"heading.default\">\n\t\t\t\t<div class=\"elementor-widget-container\">\n\t\t\t<h2 class=\"elementor-heading-title elementor-size-default\">La IA est\u00e1 reinventando los negocios en todas las industrias.<\/h2>\t\t<\/div>\n\t\t\t\t<\/div>\n\t\t\t\t\t<\/div>\n\t\t<\/div>\n\t\t\t\t\t\t\t<\/div>\n\t\t<\/section>\n\t\t\t\t<section class=\"elementor-section elementor-top-section elementor-element elementor-element-977c997 elementor-section-boxed elementor-section-height-default elementor-section-height-default\" data-id=\"977c997\" data-element_type=\"section\">\n\t\t\t\t\t\t<div class=\"elementor-container elementor-column-gap-default\">\n\t\t\t\t\t<div class=\"elementor-column elementor-col-50 elementor-top-column elementor-element elementor-element-e5de411\" data-id=\"e5de411\" data-element_type=\"column\">\n\t\t\t<div class=\"elementor-widget-wrap elementor-element-populated\">\n\t\t\t\t\t\t\t\t<div class=\"elementor-element elementor-element-a9cadc1 elementor-widget elementor-widget-image\" data-id=\"a9cadc1\" data-element_type=\"widget\" data-widget_type=\"image.default\">\n\t\t\t\t<div class=\"elementor-widget-container\">\n\t\t\t\t\t\t\t\t\t\t\t\t\t\t\t<img decoding=\"async\" width=\"405\" height=\"405\" src=\"https:\/\/itbg.com.ar\/wp-content\/uploads\/2023\/05\/OIG.JwpBdv.jpeg\" class=\"attachment-large size-large wp-image-887\" alt=\"\" loading=\"lazy\" srcset=\"https:\/\/itbg.com.ar\/wp-content\/uploads\/2023\/05\/OIG.JwpBdv.jpeg 405w, https:\/\/itbg.com.ar\/wp-content\/uploads\/2023\/05\/OIG.JwpBdv-300x300.jpeg 300w, https:\/\/itbg.com.ar\/wp-content\/uploads\/2023\/05\/OIG.JwpBdv-150x150.jpeg 150w\" sizes=\"(max-width: 405px) 100vw, 405px\" \/>\t\t\t\t\t\t\t\t\t\t\t\t\t\t\t<\/div>\n\t\t\t\t<\/div>\n\t\t\t\t\t<\/div>\n\t\t<\/div>\n\t\t\t\t<div class=\"elementor-column elementor-col-50 elementor-top-column elementor-element elementor-element-38bd22f\" data-id=\"38bd22f\" data-element_type=\"column\">\n\t\t\t<div class=\"elementor-widget-wrap elementor-element-populated\">\n\t\t\t\t\t\t\t\t<div class=\"elementor-element elementor-element-7b2706e elementor-widget elementor-widget-text-editor\" data-id=\"7b2706e\" data-element_type=\"widget\" data-widget_type=\"text-editor.default\">\n\t\t\t\t<div class=\"elementor-widget-container\">\n\t\t\t\t\t\t\t<h3 class=\"industries__business--title\">\u00a0<\/h3><p class=\"industries__business--text\">Cambia\u00a0 activamente el panorama de las empresas que han adoptado la IA para mejorar con casos de uso reales y potencia de IA aplicada.<\/p>\t\t\t\t\t\t<\/div>\n\t\t\t\t<\/div>\n\t\t\t\t\t<\/div>\n\t\t<\/div>\n\t\t\t\t\t\t\t<\/div>\n\t\t<\/section>\n\t\t\t\t\t\t\t<\/div>\n\t\t","protected":false},"excerpt":{"rendered":"<p>Atenci\u00f3n al cliente habilitada por chatbots \u00a0 Los chatbots con tecnolog\u00eda de inteligencia artificial tambi\u00e9n pueden brindar soporte en tiempo real a los usuarios o clientes, respondiendo preguntas y resolviendo problemas m\u00e1s r\u00e1pido que el personal de soporte humano.\u00a0Esto mejora el tiempo de servicio, aumenta la satisfacci\u00f3n del usuario y libera al personal para que &hellip;<\/p>\n<p class=\"read-more\"> <a class=\"\" href=\"https:\/\/itbg.com.ar\/?page_id=22\"> <span class=\"screen-reader-text\">IA<\/span> Read More &raquo;<\/a><\/p>\n","protected":false},"author":1,"featured_media":0,"parent":0,"menu_order":0,"comment_status":"closed","ping_status":"closed","template":"","meta":{"_mi_skip_tracking":false,"site-sidebar-layout":"default","site-content-layout":"default","ast-global-header-display":"","ast-banner-title-visibility":"","ast-main-header-display":"","ast-hfb-above-header-display":"","ast-hfb-below-header-display":"","ast-hfb-mobile-header-display":"","site-post-title":"","ast-breadcrumbs-content":"","ast-featured-img":"","footer-sml-layout":"","theme-transparent-header-meta":"","adv-header-id-meta":"","stick-header-meta":"","header-above-stick-meta":"","header-main-stick-meta":"","header-below-stick-meta":""},"aioseo_notices":[],"_links":{"self":[{"href":"https:\/\/itbg.com.ar\/index.php?rest_route=\/wp\/v2\/pages\/22"}],"collection":[{"href":"https:\/\/itbg.com.ar\/index.php?rest_route=\/wp\/v2\/pages"}],"about":[{"href":"https:\/\/itbg.com.ar\/index.php?rest_route=\/wp\/v2\/types\/page"}],"author":[{"embeddable":true,"href":"https:\/\/itbg.com.ar\/index.php?rest_route=\/wp\/v2\/users\/1"}],"replies":[{"embeddable":true,"href":"https:\/\/itbg.com.ar\/index.php?rest_route=%2Fwp%2Fv2%2Fcomments&post=22"}],"version-history":[{"count":8,"href":"https:\/\/itbg.com.ar\/index.php?rest_route=\/wp\/v2\/pages\/22\/revisions"}],"predecessor-version":[{"id":890,"href":"https:\/\/itbg.com.ar\/index.php?rest_route=\/wp\/v2\/pages\/22\/revisions\/890"}],"wp:attachment":[{"href":"https:\/\/itbg.com.ar\/index.php?rest_route=%2Fwp%2Fv2%2Fmedia&parent=22"}],"curies":[{"name":"wp","href":"https:\/\/api.w.org\/{rel}","templated":true}]}}